{"id":10,"date":"2022-10-13T15:48:18","date_gmt":"2022-10-13T13:48:18","guid":{"rendered":"https:\/\/check-list.fr\/blog\/?page_id=10"},"modified":"2022-10-13T15:53:48","modified_gmt":"2022-10-13T13:53:48","slug":"mentions-legales","status":"publish","type":"page","link":"https:\/\/check-list.fr\/blog\/mentions-legales\/","title":{"rendered":"Mentions l\u00e9gales"},"content":{"rendered":"<h2>Mentions l\u00e9gales<\/h2>\n<p>La Soci\u00e9t\u00e9 DAHU FR (ci-apr\u00e8s la \u00a0\u00bb Soci\u00e9t\u00e9 \u201d) est une SARL au capital social de 7622,45\u20ac, dont le si\u00e8ge social est au 335 rue Charles Cabaud- 73290 MOTTE SERVOLEX et immatricul\u00e9e au Registre du commerce et des soci\u00e9t\u00e9s de chamb\u00e9ry sous le num\u00e9ro B 420369084 .<\/p>\n<ul>\n<li><strong>H\u00e9bergeur<\/strong> : OVH \u2013 2 rue Kellermann \u2013 59100 Roubaix \u2013 France<\/li>\n<li><strong>Contact\u00a0<\/strong>:\u00a0 Courriel : contact[arobase]check-list[point]fr<\/li>\n<\/ul>\n","protected":false},"excerpt":{"rendered":"<p>Mentions l\u00e9gales La Soci\u00e9t\u00e9 DAHU FR (ci-apr\u00e8s la \u00a0\u00bb Soci\u00e9t\u00e9 \u201d) est une SARL au capital social de 7622,45\u20ac, dont le si\u00e8ge social est au 335 rue Charles Cabaud- 73290 MOTTE SERVOLEX et immatricul\u00e9e au Registre du commerce et des soci\u00e9t\u00e9s de chamb\u00e9ry sous le num\u00e9ro B 420369084 . H\u00e9bergeur : OVH \u2013 2 rue &hellip; <\/p>\n<p class=\"link-more\"><a href=\"https:\/\/check-list.fr\/blog\/mentions-legales\/\" class=\"more-link\">Continuer la lecture<span class=\"screen-reader-text\"> de &laquo;&nbsp;Mentions l\u00e9gales&nbsp;&raquo;<\/span><\/a><\/p>\n","protected":false},"author":1,"featured_media":0,"parent":0,"menu_order":0,"comment_status":"closed","ping_status":"closed","template":"","meta":{"footnotes":""},"class_list":["post-10","page","type-page","status-publish","hentry"],"_links":{"self":[{"href":"https:\/\/check-list.fr\/blog\/wp-json\/wp\/v2\/pages\/10","targetHints":{"allow":["GET"]}}],"collection":[{"href":"https:\/\/check-list.fr\/blog\/wp-json\/wp\/v2\/pages"}],"about":[{"href":"https:\/\/check-list.fr\/blog\/wp-json\/wp\/v2\/types\/page"}],"author":[{"embeddable":true,"href":"https:\/\/check-list.fr\/blog\/wp-json\/wp\/v2\/users\/1"}],"replies":[{"embeddable":true,"href":"https:\/\/check-list.fr\/blog\/wp-json\/wp\/v2\/comments?post=10"}],"version-history":[{"count":2,"href":"https:\/\/check-list.fr\/blog\/wp-json\/wp\/v2\/pages\/10\/revisions"}],"predecessor-version":[{"id":13,"href":"https:\/\/check-list.fr\/blog\/wp-json\/wp\/v2\/pages\/10\/revisions\/13"}],"wp:attachment":[{"href":"https:\/\/check-list.fr\/blog\/wp-json\/wp\/v2\/media?parent=10"}],"curies":[{"name":"wp","href":"https:\/\/api.w.org\/{rel}","templated":true}]}}